{"id":4173,"date":"2025-06-11T13:49:54","date_gmt":"2025-06-11T13:49:54","guid":{"rendered":"https:\/\/akropolealfa.lv\/promotions\/"},"modified":"2025-07-24T14:40:25","modified_gmt":"2025-07-24T14:40:25","slug":"aktsii","status":"publish","type":"page","link":"https:\/\/akropolealfa.lv\/ru\/aktsii\/","title":{"rendered":"A\u043a\u0446\u0438\u0438"},"content":{"rendered":"\n    <section id=\"event-promo-list-block-68498982d050f\" class=\"event-promo-list js-event-promo-list\"\n             data-order=\"pdesc\">\n        <div class=\"container\">\n                            <h1 class=\"h4\">A\u043a\u0446\u0438\u0438<\/h1>\n                        <div class=\"form-section\">\n                <form method=\"get\" class=\"form-set js-filter-form\">\n                    <div class=\"controls-wrapper\">\n                        <div class=\"input-wrapper\">\n                            \n\n    <div class=\"form-field search group-btn\" data-name=\"\u041f\u043e\u0438\u0441\u043a\">\n        <label>\n            <svg width=\"24\" class=\"icon\" height=\"24\" viewBox=\"0 0 24 24\" fill=\"none\" xmlns=\"http:\/\/www.w3.org\/2000\/svg\">\n                <g clip-path=\"url(#clip0_1483_628)\">\n                    <path d=\"M10.6665 17.3329C14.3482 17.3329 17.3329 14.3482 17.3329 10.6665C17.3329 6.98467 14.3482 4 10.6665 4C6.98467 4 4 6.98467 4 10.6665C4 14.3482 6.98467 17.3329 10.6665 17.3329Z\"\n                          stroke=\"black\" stroke-width=\"1.2\" stroke-linecap=\"round\" stroke-linejoin=\"round\"\/>\n                    <path d=\"M15.3806 15.3804L19.9996 19.9994\" stroke=\"black\" stroke-width=\"1.2\" stroke-linecap=\"square\"\n                          stroke-linejoin=\"round\"\/>\n                <\/g>\n                <defs>\n                    <clipPath id=\"clip0_1483_628\">\n                        <rect width=\"24\" height=\"24\" fill=\"white\"\/>\n                    <\/clipPath>\n                <\/defs>\n            <\/svg>\n            <input name=\"\u041f\u043e\u0438\u0441\u043a\"\n                   id=\"\u041f\u043e\u0438\u0441\u043a\"\n                   class=\"js-search-input\"\n                   type=\"search\"\n                                   placeholder=\"\u041f\u043e\u0438\u0441\u043a\" checked>\n        <\/label>\n    <\/div>\n\n                        <\/div>\n                        <div class=\"filter-wrapper\">\n                            <button type=\"button\"\n                                    class=\"btn bg-light-gray with-icon stroke js-sort-button sort-button\">\n                                <span>\u0421\u043e\u0440\u0442\u0438\u0440\u043e\u0432\u0430\u0442\u044c \u043f\u043e<\/span>\n                                <span class=\"icon\">\n                                    <svg width=\"18\" height=\"16\" viewBox=\"0 0 18 16\" fill=\"none\"\n                                         xmlns=\"http:\/\/www.w3.org\/2000\/svg\">\n                                        <path d=\"M1 8H13M1 4H17M1 12H9\" stroke=\"black\" stroke-width=\"1.2\"\n                                              stroke-miterlimit=\"10\" stroke-linecap=\"square\"\n                                              stroke-linejoin=\"round\"\/>\n                                        <\/svg>\n                                <\/span>\n                            <\/button>\n                            <div class=\"sort-modal js-sort-modal\">\n                                <div class=\"modal-wrapper\">\n                                    <div class=\"modal-section\">\n                                        <div class=\"inputs-wrapper\">\n                                            <div class=\"inputs-wrapper\">\n                                                <label class=\"sort-input input-control\">\n                                                    <input type=\"radio\" name=\"sort\" value=\"tasc\"\/>\n                                                    <span>\u0418\u043c\u044f \u043e\u0442 \u0410 \u0434\u043e \u042f<\/span>\n                                                <\/label>\n                                                <label class=\"sort-input input-control\">\n                                                    <input type=\"radio\" name=\"sort\" value=\"tdesc\"\/>\n                                                    <span>\u0418\u043c\u044f \u043e\u0442 \u042f \u0434\u043e A<\/span>\n                                                <\/label>\n                                                <label class=\"sort-input input-control\">\n                                                    <input type=\"radio\" name=\"sort\" value=\"dasc\"\/>\n                                                    <span>\u0411\u043b\u0438\u0436\u0430\u0439\u0448\u0430\u044f \u0434\u0430\u0442\u0430 \u0432\u0441\u0442\u0443\u043f\u043b\u0435\u043d\u0438\u044f \u0432 \u0441\u0438\u043b\u0443<\/span>\n                                                <\/label>\n                                                                                                    <label class=\"sort-input input-control\">\n                                                        <input type=\"radio\" name=\"sort\" value=\"ddesc\"\/>\n                                                        <span>\u0421\u0430\u043c\u0430\u044f \u0434\u0430\u043b\u044c\u043d\u044f\u044f \u0434\u0430\u0442\u0430 \u0432\u0441\u0442\u0443\u043f\u043b\u0435\u043d\u0438\u044f \u0432 \u0441\u0438\u043b\u0443<\/span>\n                                                    <\/label>\n                                                    <label class=\"sort-input input-control\">\n                                                        <input type=\"radio\" name=\"sort\" value=\"pdesc\" checked=\"checked\"\/>\n                                                        <span>\u041f\u043e\u0441\u043b\u0435\u0434\u043d\u0438\u0439<\/span>\n                                                    <\/label>\n                                                                                            <\/div>\n                                        <\/div>\n                                    <\/div>\n                                <\/div>\n                            <\/div>\n                        <\/div>\n                    <\/div>\n                                    <\/form>\n            <\/div>\n            <div class=\"list-content-wrapper \">\n                                                    <div class=\"posts-grid-wrapper\">\n                        <div class=\"posts-grid js-posts-grid grid-section\">\n                                                                                                \n<a href=\"https:\/\/akropolealfa.lv\/ru\/prodvizhenie\/atnes-veco-sanem-jaunu-par-%c2%bd-cenas\/\" class=\"promo-card col-span-3 md-col-span-6 sm-col-span-12 post-card js-post-card \"\n   data-title=\"Atnes veco \u2013 sa\u0146em jaunu par \u00bd cenas!\"\n   data-start=\"2026.04.01\"\n   data-groups=\" \"\n   data-end=\"2026.05.31\"\n   data-published=\"2026.03.26\"\n   data-id=\"7642\"\n   data-post-type=\"promotion\">\n    <div class=\"content-wrapper\">\n        <div class=\"image-wrapper\">\n                            <img class=\"force-no-contrast\" src=\"https:\/\/akropolealfa.lv\/wp-content\/uploads\/sites\/3\/2026\/03\/1200x1200.jpg\"\n                     srcset=\"https:\/\/akropolealfa.lv\/wp-content\/uploads\/sites\/3\/2026\/03\/1200x1200-300x300.jpg 300w, https:\/\/akropolealfa.lv\/wp-content\/uploads\/sites\/3\/2026\/03\/1200x1200-1024x1024.jpg 1024w, https:\/\/akropolealfa.lv\/wp-content\/uploads\/sites\/3\/2026\/03\/1200x1200-150x150.jpg 150w, https:\/\/akropolealfa.lv\/wp-content\/uploads\/sites\/3\/2026\/03\/1200x1200-768x768.jpg 768w, https:\/\/akropolealfa.lv\/wp-content\/uploads\/sites\/3\/2026\/03\/1200x1200-1080x1080.jpg 1080w, https:\/\/akropolealfa.lv\/wp-content\/uploads\/sites\/3\/2026\/03\/1200x1200.jpg 1200w\"\n                     alt=\"Atnes veco \u2013 sa\u0146em jaunu par \u00bd cenas!\">\n                    <\/div>\n        <div class=\"overlay\">\n            <p class=\"overlay-title\">\u0423\u0437\u043d\u0430\u0442\u044c \u0431\u043e\u043b\u044c\u0448\u0435<\/p>\n        <\/div>\n    <\/div>\n                <h2 class=\"h7 promo-title\">\n            Atnes veco \u2013 sa\u0146em jaunu par \u00bd cenas!        <\/h2>\n    \n            <div class=\"date-wrapper\">\n                                                <p>\u041e\u0442 2026.04.01 \u0434\u043e 2026.05.31<\/p>\n                                    <\/div>\n    <\/a>\n                                                                    \n<a href=\"https:\/\/akropolealfa.lv\/ru\/prodvizhenie\/polaris-menesa-gramatas-polaris-veikala-4\/\" class=\"promo-card col-span-3 md-col-span-6 sm-col-span-12 post-card js-post-card \"\n   data-title=\"POLARIS. M\u0113ne\u0161a gr\u0101matas Polaris veikal\u0101!\"\n   data-start=\"2026.04.01\"\n   data-groups=\" \"\n   data-end=\"2026.04.30\"\n   data-published=\"2026.03.25\"\n   data-id=\"7457\"\n   data-post-type=\"promotion\">\n    <div class=\"content-wrapper\">\n        <div class=\"image-wrapper\">\n                            <img class=\"force-no-contrast\" src=\"https:\/\/akropolealfa.lv\/wp-content\/uploads\/sites\/3\/2026\/03\/Menesa-gramatas-Polaris-veikala.jpg\"\n                     srcset=\"https:\/\/akropolealfa.lv\/wp-content\/uploads\/sites\/3\/2026\/03\/Menesa-gramatas-Polaris-veikala-300x300.jpg 300w, https:\/\/akropolealfa.lv\/wp-content\/uploads\/sites\/3\/2026\/03\/Menesa-gramatas-Polaris-veikala-1024x1024.jpg 1024w, https:\/\/akropolealfa.lv\/wp-content\/uploads\/sites\/3\/2026\/03\/Menesa-gramatas-Polaris-veikala-150x150.jpg 150w, https:\/\/akropolealfa.lv\/wp-content\/uploads\/sites\/3\/2026\/03\/Menesa-gramatas-Polaris-veikala-768x768.jpg 768w, https:\/\/akropolealfa.lv\/wp-content\/uploads\/sites\/3\/2026\/03\/Menesa-gramatas-Polaris-veikala.jpg 1080w\"\n                     alt=\"POLARIS. M\u0113ne\u0161a gr\u0101matas Polaris veikal\u0101!\">\n                    <\/div>\n        <div class=\"overlay\">\n            <p class=\"overlay-title\">\u0423\u0437\u043d\u0430\u0442\u044c \u0431\u043e\u043b\u044c\u0448\u0435<\/p>\n        <\/div>\n    <\/div>\n                <h2 class=\"h7 promo-title\">\n            POLARIS. M\u0113ne\u0161a gr\u0101matas Polaris veikal\u0101!        <\/h2>\n    \n            <div class=\"date-wrapper\">\n                                                <p>\u041e\u0442 2026.04.01 \u0434\u043e 2026.04.30<\/p>\n                                    <\/div>\n    <\/a>\n                                                                                    <\/div>\n                        <div class=\"js-no-results no-results-message\">\n                            <p>No results found.<\/p>\n                        <\/div>\n                    <\/div>\n\n                            <\/div>\n        <\/div>\n    <\/section>\n\n<script>window.dispatchEvent( new Event('acf\/loaded\/event-promo-list'));<\/script>\n\n","protected":false},"excerpt":{"rendered":"","protected":false},"author":1,"featured_media":0,"parent":0,"menu_order":0,"comment_status":"closed","ping_status":"closed","template":"","meta":{"_acf_changed":false,"footnotes":""},"class_list":["post-4173","page","type-page","status-publish","hentry"],"acf":[],"yoast_head":"<!-- This site is optimized with the Yoast SEO plugin v27.0 - https:\/\/yoast.com\/product\/yoast-seo-wordpress\/ -->\n<title>A\u043a\u0446\u0438\u0438 - Akropole Alfa<\/title>\n<meta name=\"robots\" content=\"index, follow, max-snippet:-1, max-image-preview:large, max-video-preview:-1\" \/>\n<link rel=\"canonical\" href=\"https:\/\/akropolealfa.lv\/ru\/aktsii\/\" \/>\n<meta property=\"og:locale\" content=\"ru_RU\" \/>\n<meta property=\"og:type\" content=\"article\" \/>\n<meta property=\"og:title\" content=\"A\u043a\u0446\u0438\u0438 - Akropole Alfa\" \/>\n<meta property=\"og:url\" content=\"https:\/\/akropolealfa.lv\/ru\/aktsii\/\" \/>\n<meta property=\"og:site_name\" content=\"Akropole Alfa\" \/>\n<meta property=\"article:modified_time\" content=\"2025-07-24T14:40:25+00:00\" \/>\n<meta name=\"twitter:card\" content=\"summary_large_image\" \/>\n<script type=\"application\/ld+json\" class=\"yoast-schema-graph\">{\"@context\":\"https:\/\/schema.org\",\"@graph\":[{\"@type\":\"WebPage\",\"@id\":\"https:\/\/akropolealfa.lv\/ru\/aktsii\/\",\"url\":\"https:\/\/akropolealfa.lv\/ru\/aktsii\/\",\"name\":\"A\u043a\u0446\u0438\u0438 - Akropole Alfa\",\"isPartOf\":{\"@id\":\"https:\/\/akropolealfa.lv\/ru\/#website\"},\"datePublished\":\"2025-06-11T13:49:54+00:00\",\"dateModified\":\"2025-07-24T14:40:25+00:00\",\"breadcrumb\":{\"@id\":\"https:\/\/akropolealfa.lv\/ru\/aktsii\/#breadcrumb\"},\"inLanguage\":\"ru-RU\",\"potentialAction\":[{\"@type\":\"ReadAction\",\"target\":[\"https:\/\/akropolealfa.lv\/ru\/aktsii\/\"]}]},{\"@type\":\"BreadcrumbList\",\"@id\":\"https:\/\/akropolealfa.lv\/ru\/aktsii\/#breadcrumb\",\"itemListElement\":[{\"@type\":\"ListItem\",\"position\":1,\"name\":\"Home\",\"item\":\"https:\/\/akropolealfa.lv\/ru\/\"},{\"@type\":\"ListItem\",\"position\":2,\"name\":\"A\u043a\u0446\u0438\u0438\"}]},{\"@type\":\"WebSite\",\"@id\":\"https:\/\/akropolealfa.lv\/ru\/#website\",\"url\":\"https:\/\/akropolealfa.lv\/ru\/\",\"name\":\"Akropole Alfa\",\"description\":\"&quot;AKROPOLE Alfa&quot; iepirk\u0161an\u0101s un izklaides centrs\",\"publisher\":{\"@id\":\"https:\/\/akropolealfa.lv\/ru\/#organization\"},\"potentialAction\":[{\"@type\":\"SearchAction\",\"target\":{\"@type\":\"EntryPoint\",\"urlTemplate\":\"https:\/\/akropolealfa.lv\/ru\/?s={search_term_string}\"},\"query-input\":{\"@type\":\"PropertyValueSpecification\",\"valueRequired\":true,\"valueName\":\"search_term_string\"}}],\"inLanguage\":\"ru-RU\"},{\"@type\":\"Organization\",\"@id\":\"https:\/\/akropolealfa.lv\/ru\/#organization\",\"name\":\"Akropole Alfa\",\"url\":\"https:\/\/akropolealfa.lv\/ru\/\",\"logo\":{\"@type\":\"ImageObject\",\"inLanguage\":\"ru-RU\",\"@id\":\"https:\/\/akropolealfa.lv\/ru\/#\/schema\/logo\/image\/\",\"url\":\"https:\/\/akropolealfa.lv\/wp-content\/uploads\/sites\/3\/2026\/02\/11856_800_600_1-1-1.svg\",\"contentUrl\":\"https:\/\/akropolealfa.lv\/wp-content\/uploads\/sites\/3\/2026\/02\/11856_800_600_1-1-1.svg\",\"width\":1,\"height\":1,\"caption\":\"Akropole Alfa\"},\"image\":{\"@id\":\"https:\/\/akropolealfa.lv\/ru\/#\/schema\/logo\/image\/\"}}]}<\/script>\n<!-- \/ Yoast SEO plugin. -->","yoast_head_json":{"title":"A\u043a\u0446\u0438\u0438 - Akropole Alfa","robots":{"index":"index","follow":"follow","max-snippet":"max-snippet:-1","max-image-preview":"max-image-preview:large","max-video-preview":"max-video-preview:-1"},"canonical":"https:\/\/akropolealfa.lv\/ru\/aktsii\/","og_locale":"ru_RU","og_type":"article","og_title":"A\u043a\u0446\u0438\u0438 - Akropole Alfa","og_url":"https:\/\/akropolealfa.lv\/ru\/aktsii\/","og_site_name":"Akropole Alfa","article_modified_time":"2025-07-24T14:40:25+00:00","twitter_card":"summary_large_image","schema":{"@context":"https:\/\/schema.org","@graph":[{"@type":"WebPage","@id":"https:\/\/akropolealfa.lv\/ru\/aktsii\/","url":"https:\/\/akropolealfa.lv\/ru\/aktsii\/","name":"A\u043a\u0446\u0438\u0438 - Akropole Alfa","isPartOf":{"@id":"https:\/\/akropolealfa.lv\/ru\/#website"},"datePublished":"2025-06-11T13:49:54+00:00","dateModified":"2025-07-24T14:40:25+00:00","breadcrumb":{"@id":"https:\/\/akropolealfa.lv\/ru\/aktsii\/#breadcrumb"},"inLanguage":"ru-RU","potentialAction":[{"@type":"ReadAction","target":["https:\/\/akropolealfa.lv\/ru\/aktsii\/"]}]},{"@type":"BreadcrumbList","@id":"https:\/\/akropolealfa.lv\/ru\/aktsii\/#breadcrumb","itemListElement":[{"@type":"ListItem","position":1,"name":"Home","item":"https:\/\/akropolealfa.lv\/ru\/"},{"@type":"ListItem","position":2,"name":"A\u043a\u0446\u0438\u0438"}]},{"@type":"WebSite","@id":"https:\/\/akropolealfa.lv\/ru\/#website","url":"https:\/\/akropolealfa.lv\/ru\/","name":"Akropole Alfa","description":"&quot;AKROPOLE Alfa&quot; iepirk\u0161an\u0101s un izklaides centrs","publisher":{"@id":"https:\/\/akropolealfa.lv\/ru\/#organization"},"potentialAction":[{"@type":"SearchAction","target":{"@type":"EntryPoint","urlTemplate":"https:\/\/akropolealfa.lv\/ru\/?s={search_term_string}"},"query-input":{"@type":"PropertyValueSpecification","valueRequired":true,"valueName":"search_term_string"}}],"inLanguage":"ru-RU"},{"@type":"Organization","@id":"https:\/\/akropolealfa.lv\/ru\/#organization","name":"Akropole Alfa","url":"https:\/\/akropolealfa.lv\/ru\/","logo":{"@type":"ImageObject","inLanguage":"ru-RU","@id":"https:\/\/akropolealfa.lv\/ru\/#\/schema\/logo\/image\/","url":"https:\/\/akropolealfa.lv\/wp-content\/uploads\/sites\/3\/2026\/02\/11856_800_600_1-1-1.svg","contentUrl":"https:\/\/akropolealfa.lv\/wp-content\/uploads\/sites\/3\/2026\/02\/11856_800_600_1-1-1.svg","width":1,"height":1,"caption":"Akropole Alfa"},"image":{"@id":"https:\/\/akropolealfa.lv\/ru\/#\/schema\/logo\/image\/"}}]}},"_links":{"self":[{"href":"https:\/\/akropolealfa.lv\/ru\/wp-json\/wp\/v2\/pages\/4173","targetHints":{"allow":["GET"]}}],"collection":[{"href":"https:\/\/akropolealfa.lv\/ru\/wp-json\/wp\/v2\/pages"}],"about":[{"href":"https:\/\/akropolealfa.lv\/ru\/wp-json\/wp\/v2\/types\/page"}],"author":[{"embeddable":true,"href":"https:\/\/akropolealfa.lv\/ru\/wp-json\/wp\/v2\/users\/1"}],"replies":[{"embeddable":true,"href":"https:\/\/akropolealfa.lv\/ru\/wp-json\/wp\/v2\/comments?post=4173"}],"version-history":[{"count":0,"href":"https:\/\/akropolealfa.lv\/ru\/wp-json\/wp\/v2\/pages\/4173\/revisions"}],"wp:attachment":[{"href":"https:\/\/akropolealfa.lv\/ru\/wp-json\/wp\/v2\/media?parent=4173"}],"curies":[{"name":"wp","href":"https:\/\/api.w.org\/{rel}","templated":true}]}}