{"id":3674,"date":"2025-06-11T12:13:53","date_gmt":"2025-06-11T12:13:53","guid":{"rendered":"https:\/\/akropolealfa.lv\/kontakti\/"},"modified":"2026-02-12T22:06:13","modified_gmt":"2026-02-12T22:06:13","slug":"kontakty","status":"publish","type":"page","link":"https:\/\/akropolealfa.lv\/ru\/kontakty\/","title":{"rendered":"\u041a\u043e\u043d\u0442\u0430\u043a\u0442\u044b"},"content":{"rendered":"\n    <section id=\"contact-tabs-block-6834a14b0168d\" class=\"contact-tabs\">\n        <div class=\"container\">\n            <h1 class=\"h4\">\u041a\u043e\u043d\u0442\u0430\u043a\u0442\u044b<\/h1>\n                            <div class=\"tabs-title-wrapper\">\n                                            <button data-title-id=\"tab-0\"\n                             class=\"tab-title helper-btn active\">\u0418\u043d\u0444\u043e\u0440\u043c\u0430\u0446\u0438\u043e\u043d\u043d\u044b\u0435 \u0446\u0435\u043d\u0442\u0440\u044b<\/button>\n                                            <button data-title-id=\"tab-1\"\n                             class=\"tab-title helper-btn \">\u0410\u0434\u043c\u0438\u043d\u0438\u0441\u0442\u0440\u0430\u0446\u0438\u044f<\/button>\n                                    <\/div>\n                                    <div class=\"tabs-content-wrapper active\"\n                         data-content-id=\"tab-0\">\n                                                                                    <div class=\"card\">\n                                                                            <p class=\"title\">\u0414\u043b\u044f \u043f\u0440\u0435\u0441\u0441\u044b<\/p>\n                                                                                                                <p>Marija Makarevi\u010da, VA Communications PR \u043a\u043e\u043d\u0441\u0443\u043b\u044c\u0442\u0430\u043d\u0442<\/p>\n                                                                        <div class=\"contact-details\">\n                                                                                    <p>I &#8212; V 9:00 &#8212; 17:00<\/p>\n                                                                                                                            <p><a target=\"_self\"\n                                                  href=\"tel:+37126893967\">+37126893967<\/a>\n                                            <\/p>\n                                                                                                                        <p><a target=\"_self\"\n                                              href=\"mailto:marija.makarevica@vilands.lv\">marija.makarevica@vilands.lv<\/a>\n                                                                                    <\/p>\n                                    <\/div>\n                                <\/div>\n                                                            <div class=\"card\">\n                                                                            <p class=\"title\">\u0420\u0435\u043a\u043b\u0430\u043c\u043d\u0430\u044f \u0432\u043e\u0437\u043c\u043e\u0436\u043d\u043e\u0441\u0442\u044c<\/p>\n                                                                                                                <p>Br\u012bv\u012bbas gatve 372, R\u012bga, LV &#8212; 1006<\/p>\n                                                                        <div class=\"contact-details\">\n                                                                                    <p>I &#8212; V 9.00 &#8212; 17.00<\/p>\n                                                                                                                            <p><a target=\"_self\"\n                                                  href=\"tel:+371 27332293\">+371 27332293<\/a>\n                                            <\/p>\n                                                                                                                        <p><a target=\"_self\"\n                                              href=\"mailto:mboom@mboom.eu\">mboom@mboom.eu<\/a>\n                                                                                    <\/p>\n                                    <\/div>\n                                <\/div>\n                                                            <div class=\"card\">\n                                                                            <p class=\"title\">\u0412\u043e\u043f\u0440\u043e\u0441\u044b \u043f\u043e \u0430\u0440\u0435\u043d\u0434\u0435<\/p>\n                                                                                                            <div class=\"contact-details\">\n                                                                                                                                                                <p><a target=\"_self\"\n                                              href=\"mailto:noma@akropolelatvija.lv\">noma@akropolelatvija.lv<\/a>\n                                                                                    <\/p>\n                                    <\/div>\n                                <\/div>\n                                                            <div class=\"card\">\n                                                                            <p class=\"title\">\u0420\u0435\u043a\u043b\u0430\u043c\u0430 \u043d\u0430 \u0446\u0438\u0444\u0440\u043e\u0432\u044b\u0445 \u044d\u043a\u0440\u0430\u043d\u0430\u0445<\/p>\n                                                                                                                <p>Br\u012bv\u012bbas gatve 372, R\u012bga, LV &#8212; 1006<\/p>\n                                                                        <div class=\"contact-details\">\n                                                                                    <p>I &#8212; V 9.00 &#8212; 17.00<\/p>\n                                                                                                                            <p><a target=\"_self\"\n                                                  href=\"tel:+371 27332293\">+371 27332293<\/a>\n                                            <\/p>\n                                                                                                                        <p><a target=\"_self\"\n                                              href=\"mailto:mboom@mboom.eu\">mboom@mboom.eu<\/a>\n                                                                                    <\/p>\n                                    <\/div>\n                                <\/div>\n                                                                        <\/div>\n                                    <div class=\"tabs-content-wrapper \"\n                         data-content-id=\"tab-1\">\n                                                                                    <div class=\"card\">\n                                                                            <p class=\"title\">Akropole alfa \u0430\u0434\u043c\u0438\u043d\u0438\u0441\u0442\u0440\u0430\u0446\u0438\u044f<\/p>\n                                                                                                                <p>Br\u012bv\u012bbas gatve 372, R\u012bga, LV &#8212; 1006<\/p>\n                                                                        <div class=\"contact-details\">\n                                                                                                                            <p><a target=\"_self\"\n                                                  href=\"tel:+371 22000521\">+371 22000521<\/a>\n                                            <\/p>\n                                                                                                                        <p><a target=\"_self\"\n                                              href=\"mailto:info@akropolealfa.lv\">info@akropolealfa.lv<\/a>\n                                                                                    <\/p>\n                                    <\/div>\n                                <\/div>\n                                                                        <\/div>\n                                    <\/div>\n                    <div class=\"map\" data-address=\"Br\u012bv\u012bbas gatve 372, R\u012bga, LV - 1006\" data-btn=\"\u041a\u0430\u043a \u043d\u0430\u0441 \u043d\u0430\u0439\u0442\u0438\" data-lat=\"56.982025086983676\"\n                 data-long=\"24.20299036937678\"><\/div>\n            <\/section>\n\n<script>window.dispatchEvent( new Event('acf\/loaded\/contact-tabs'));<\/script>","protected":false},"excerpt":{"rendered":"","protected":false},"author":1,"featured_media":0,"parent":0,"menu_order":0,"comment_status":"closed","ping_status":"closed","template":"","meta":{"_acf_changed":false,"footnotes":""},"class_list":["post-3674","page","type-page","status-publish","hentry"],"acf":[],"yoast_head":"<!-- This site is optimized with the Yoast SEO plugin v27.0 - https:\/\/yoast.com\/product\/yoast-seo-wordpress\/ -->\n<title>\u041a\u043e\u043d\u0442\u0430\u043a\u0442\u044b - Akropole Alfa<\/title>\n<meta name=\"robots\" content=\"index, follow, max-snippet:-1, max-image-preview:large, max-video-preview:-1\" \/>\n<link rel=\"canonical\" href=\"https:\/\/akropolealfa.lv\/ru\/kontakty\/\" \/>\n<meta property=\"og:locale\" content=\"ru_RU\" \/>\n<meta property=\"og:type\" content=\"article\" \/>\n<meta property=\"og:title\" content=\"\u041a\u043e\u043d\u0442\u0430\u043a\u0442\u044b - Akropole Alfa\" \/>\n<meta property=\"og:url\" content=\"https:\/\/akropolealfa.lv\/ru\/kontakty\/\" \/>\n<meta property=\"og:site_name\" content=\"Akropole Alfa\" \/>\n<meta property=\"article:modified_time\" content=\"2026-02-12T22:06:13+00:00\" \/>\n<meta name=\"twitter:card\" content=\"summary_large_image\" \/>\n<script type=\"application\/ld+json\" class=\"yoast-schema-graph\">{\"@context\":\"https:\/\/schema.org\",\"@graph\":[{\"@type\":\"WebPage\",\"@id\":\"https:\/\/akropolealfa.lv\/ru\/kontakty\/\",\"url\":\"https:\/\/akropolealfa.lv\/ru\/kontakty\/\",\"name\":\"\u041a\u043e\u043d\u0442\u0430\u043a\u0442\u044b - Akropole Alfa\",\"isPartOf\":{\"@id\":\"https:\/\/akropolealfa.lv\/ru\/#website\"},\"datePublished\":\"2025-06-11T12:13:53+00:00\",\"dateModified\":\"2026-02-12T22:06:13+00:00\",\"breadcrumb\":{\"@id\":\"https:\/\/akropolealfa.lv\/ru\/kontakty\/#breadcrumb\"},\"inLanguage\":\"ru-RU\",\"potentialAction\":[{\"@type\":\"ReadAction\",\"target\":[\"https:\/\/akropolealfa.lv\/ru\/kontakty\/\"]}]},{\"@type\":\"BreadcrumbList\",\"@id\":\"https:\/\/akropolealfa.lv\/ru\/kontakty\/#breadcrumb\",\"itemListElement\":[{\"@type\":\"ListItem\",\"position\":1,\"name\":\"Home\",\"item\":\"https:\/\/akropolealfa.lv\/ru\/\"},{\"@type\":\"ListItem\",\"position\":2,\"name\":\"\u041a\u043e\u043d\u0442\u0430\u043a\u0442\u044b\"}]},{\"@type\":\"WebSite\",\"@id\":\"https:\/\/akropolealfa.lv\/ru\/#website\",\"url\":\"https:\/\/akropolealfa.lv\/ru\/\",\"name\":\"Akropole Alfa\",\"description\":\"&quot;AKROPOLE Alfa&quot; iepirk\u0161an\u0101s un izklaides centrs\",\"publisher\":{\"@id\":\"https:\/\/akropolealfa.lv\/ru\/#organization\"},\"potentialAction\":[{\"@type\":\"SearchAction\",\"target\":{\"@type\":\"EntryPoint\",\"urlTemplate\":\"https:\/\/akropolealfa.lv\/ru\/?s={search_term_string}\"},\"query-input\":{\"@type\":\"PropertyValueSpecification\",\"valueRequired\":true,\"valueName\":\"search_term_string\"}}],\"inLanguage\":\"ru-RU\"},{\"@type\":\"Organization\",\"@id\":\"https:\/\/akropolealfa.lv\/ru\/#organization\",\"name\":\"Akropole Alfa\",\"url\":\"https:\/\/akropolealfa.lv\/ru\/\",\"logo\":{\"@type\":\"ImageObject\",\"inLanguage\":\"ru-RU\",\"@id\":\"https:\/\/akropolealfa.lv\/ru\/#\/schema\/logo\/image\/\",\"url\":\"https:\/\/akropolealfa.lv\/wp-content\/uploads\/sites\/3\/2026\/02\/11856_800_600_1-1-1.svg\",\"contentUrl\":\"https:\/\/akropolealfa.lv\/wp-content\/uploads\/sites\/3\/2026\/02\/11856_800_600_1-1-1.svg\",\"width\":1,\"height\":1,\"caption\":\"Akropole Alfa\"},\"image\":{\"@id\":\"https:\/\/akropolealfa.lv\/ru\/#\/schema\/logo\/image\/\"}}]}<\/script>\n<!-- \/ Yoast SEO plugin. -->","yoast_head_json":{"title":"\u041a\u043e\u043d\u0442\u0430\u043a\u0442\u044b - Akropole Alfa","robots":{"index":"index","follow":"follow","max-snippet":"max-snippet:-1","max-image-preview":"max-image-preview:large","max-video-preview":"max-video-preview:-1"},"canonical":"https:\/\/akropolealfa.lv\/ru\/kontakty\/","og_locale":"ru_RU","og_type":"article","og_title":"\u041a\u043e\u043d\u0442\u0430\u043a\u0442\u044b - Akropole Alfa","og_url":"https:\/\/akropolealfa.lv\/ru\/kontakty\/","og_site_name":"Akropole Alfa","article_modified_time":"2026-02-12T22:06:13+00:00","twitter_card":"summary_large_image","schema":{"@context":"https:\/\/schema.org","@graph":[{"@type":"WebPage","@id":"https:\/\/akropolealfa.lv\/ru\/kontakty\/","url":"https:\/\/akropolealfa.lv\/ru\/kontakty\/","name":"\u041a\u043e\u043d\u0442\u0430\u043a\u0442\u044b - Akropole Alfa","isPartOf":{"@id":"https:\/\/akropolealfa.lv\/ru\/#website"},"datePublished":"2025-06-11T12:13:53+00:00","dateModified":"2026-02-12T22:06:13+00:00","breadcrumb":{"@id":"https:\/\/akropolealfa.lv\/ru\/kontakty\/#breadcrumb"},"inLanguage":"ru-RU","potentialAction":[{"@type":"ReadAction","target":["https:\/\/akropolealfa.lv\/ru\/kontakty\/"]}]},{"@type":"BreadcrumbList","@id":"https:\/\/akropolealfa.lv\/ru\/kontakty\/#breadcrumb","itemListElement":[{"@type":"ListItem","position":1,"name":"Home","item":"https:\/\/akropolealfa.lv\/ru\/"},{"@type":"ListItem","position":2,"name":"\u041a\u043e\u043d\u0442\u0430\u043a\u0442\u044b"}]},{"@type":"WebSite","@id":"https:\/\/akropolealfa.lv\/ru\/#website","url":"https:\/\/akropolealfa.lv\/ru\/","name":"Akropole Alfa","description":"&quot;AKROPOLE Alfa&quot; iepirk\u0161an\u0101s un izklaides centrs","publisher":{"@id":"https:\/\/akropolealfa.lv\/ru\/#organization"},"potentialAction":[{"@type":"SearchAction","target":{"@type":"EntryPoint","urlTemplate":"https:\/\/akropolealfa.lv\/ru\/?s={search_term_string}"},"query-input":{"@type":"PropertyValueSpecification","valueRequired":true,"valueName":"search_term_string"}}],"inLanguage":"ru-RU"},{"@type":"Organization","@id":"https:\/\/akropolealfa.lv\/ru\/#organization","name":"Akropole Alfa","url":"https:\/\/akropolealfa.lv\/ru\/","logo":{"@type":"ImageObject","inLanguage":"ru-RU","@id":"https:\/\/akropolealfa.lv\/ru\/#\/schema\/logo\/image\/","url":"https:\/\/akropolealfa.lv\/wp-content\/uploads\/sites\/3\/2026\/02\/11856_800_600_1-1-1.svg","contentUrl":"https:\/\/akropolealfa.lv\/wp-content\/uploads\/sites\/3\/2026\/02\/11856_800_600_1-1-1.svg","width":1,"height":1,"caption":"Akropole Alfa"},"image":{"@id":"https:\/\/akropolealfa.lv\/ru\/#\/schema\/logo\/image\/"}}]}},"_links":{"self":[{"href":"https:\/\/akropolealfa.lv\/ru\/wp-json\/wp\/v2\/pages\/3674","targetHints":{"allow":["GET"]}}],"collection":[{"href":"https:\/\/akropolealfa.lv\/ru\/wp-json\/wp\/v2\/pages"}],"about":[{"href":"https:\/\/akropolealfa.lv\/ru\/wp-json\/wp\/v2\/types\/page"}],"author":[{"embeddable":true,"href":"https:\/\/akropolealfa.lv\/ru\/wp-json\/wp\/v2\/users\/1"}],"replies":[{"embeddable":true,"href":"https:\/\/akropolealfa.lv\/ru\/wp-json\/wp\/v2\/comments?post=3674"}],"version-history":[{"count":3,"href":"https:\/\/akropolealfa.lv\/ru\/wp-json\/wp\/v2\/pages\/3674\/revisions"}],"predecessor-version":[{"id":6018,"href":"https:\/\/akropolealfa.lv\/ru\/wp-json\/wp\/v2\/pages\/3674\/revisions\/6018"}],"wp:attachment":[{"href":"https:\/\/akropolealfa.lv\/ru\/wp-json\/wp\/v2\/media?parent=3674"}],"curies":[{"name":"wp","href":"https:\/\/api.w.org\/{rel}","templated":true}]}}