{"id":4260,"date":"2025-06-11T12:13:53","date_gmt":"2025-06-11T12:13:53","guid":{"rendered":"https:\/\/akropolealfa.lv\/kontakti\/"},"modified":"2026-03-04T12:38:46","modified_gmt":"2026-03-04T12:38:46","slug":"contact","status":"publish","type":"page","link":"https:\/\/akropolealfa.lv\/en\/contact\/","title":{"rendered":"Contact"},"content":{"rendered":"\n    <section id=\"contact-tabs-block-6834a14b0168d\" class=\"contact-tabs\">\n        <div class=\"container\">\n            <h1 class=\"h4\">Contacts us<\/h1>\n                            <div class=\"tabs-title-wrapper\">\n                                            <button data-title-id=\"tab-0\"\n                             class=\"tab-title helper-btn active\">Information centers<\/button>\n                                            <button data-title-id=\"tab-1\"\n                             class=\"tab-title helper-btn \">Administration<\/button>\n                                    <\/div>\n                                    <div class=\"tabs-content-wrapper active\"\n                         data-content-id=\"tab-0\">\n                                                                                    <div class=\"card\">\n                                                                            <p class=\"title\">Media enquiries<\/p>\n                                                                                                                <p>Baiba V\u0113sma-Millere, VA Communications PR consultant<\/p>\n                                                                        <div class=\"contact-details\">\n                                                                                    <p>I-V 09:00 &#8211; 17:00<\/p>\n                                                                                                                            <p><a target=\"_self\"\n                                                  href=\"tel:+37126664715\">+37126664715<\/a>\n                                            <\/p>\n                                                                                                                        <p><a target=\"_self\"\n                                              href=\"mailto:baiba.vesma@vilands.lv\">baiba.vesma@vilands.lv<\/a>\n                                                                                    <\/p>\n                                    <\/div>\n                                <\/div>\n                                                            <div class=\"card\">\n                                                                            <p class=\"title\">Advertising possibilities<\/p>\n                                                                                                                <p>Br\u012bv\u012bbas gatve 372, R\u012bga, LV &#8211; 1006<\/p>\n                                                                        <div class=\"contact-details\">\n                                                                                    <p>I-V 09:00 &#8211; 17:00<\/p>\n                                                                                                                            <p><a target=\"_self\"\n                                                  href=\"tel:+371 27332293\">+371 27332293<\/a>\n                                            <\/p>\n                                                                                                                        <p><a target=\"_self\"\n                                              href=\"mailto:mboom@mboom.eu\">mboom@mboom.eu<\/a>\n                                                                                    <\/p>\n                                    <\/div>\n                                <\/div>\n                                                            <div class=\"card\">\n                                                                            <p class=\"title\">Advertising in digital screens<\/p>\n                                                                                                                <p>Br\u012bv\u012bbas gatve 372, R\u012bga, LV &#8211; 1006<\/p>\n                                                                        <div class=\"contact-details\">\n                                                                                    <p>I &#8211; V 9.00 &#8211; 17.00<\/p>\n                                                                                                                            <p><a target=\"_self\"\n                                                  href=\"tel:+371 27332293\">+371 27332293<\/a>\n                                            <\/p>\n                                                                                                                        <p><a target=\"_self\"\n                                              href=\"mailto:mboom@mboom.eu\">mboom@mboom.eu<\/a>\n                                                                                    <\/p>\n                                    <\/div>\n                                <\/div>\n                                                                        <\/div>\n                                    <div class=\"tabs-content-wrapper \"\n                         data-content-id=\"tab-1\">\n                                                                                    <div class=\"card\">\n                                                                            <p class=\"title\">AKROPOLE Alfa administration<\/p>\n                                                                                                                <p>Office Contacts:<\/p>\n                                                                        <div class=\"contact-details\">\n                                                                                                                            <p><a target=\"_self\"\n                                                  href=\"tel:+371 22000521\">+371 22000521<\/a>\n                                            <\/p>\n                                                                                                                        <p><a target=\"_self\"\n                                              href=\"mailto:info@akropolealfa.lv\">info@akropolealfa.lv<\/a>\n                                                                                    <\/p>\n                                    <\/div>\n                                <\/div>\n                                                                        <\/div>\n                                    <\/div>\n                    <div class=\"map\" data-address=\"Br\u012bv\u012bbas gatve 372, R\u012bga, LV-1006\" data-btn=\"How to contact us\" data-lat=\"56.982735058989306\"\n                 data-long=\"24.203731755825597\"><\/div>\n            <\/section>\n\n<script>window.dispatchEvent( new Event('acf\/loaded\/contact-tabs'));<\/script>","protected":false},"excerpt":{"rendered":"","protected":false},"author":1,"featured_media":0,"parent":0,"menu_order":0,"comment_status":"closed","ping_status":"closed","template":"","meta":{"_acf_changed":false,"footnotes":""},"class_list":["post-4260","page","type-page","status-publish","hentry"],"acf":[],"yoast_head":"<!-- This site is optimized with the Yoast SEO plugin v27.0 - https:\/\/yoast.com\/product\/yoast-seo-wordpress\/ -->\n<title>Contact - Akropole Alfa<\/title>\n<meta name=\"robots\" content=\"index, follow, max-snippet:-1, max-image-preview:large, max-video-preview:-1\" \/>\n<link rel=\"canonical\" href=\"https:\/\/akropolealfa.lv\/en\/contact\/\" \/>\n<meta property=\"og:locale\" content=\"en_US\" \/>\n<meta property=\"og:type\" content=\"article\" \/>\n<meta property=\"og:title\" content=\"Contact - Akropole Alfa\" \/>\n<meta property=\"og:url\" content=\"https:\/\/akropolealfa.lv\/en\/contact\/\" \/>\n<meta property=\"og:site_name\" content=\"Akropole Alfa\" \/>\n<meta property=\"article:modified_time\" content=\"2026-03-04T12:38:46+00:00\" \/>\n<meta name=\"twitter:card\" content=\"summary_large_image\" \/>\n<script type=\"application\/ld+json\" class=\"yoast-schema-graph\">{\"@context\":\"https:\/\/schema.org\",\"@graph\":[{\"@type\":\"WebPage\",\"@id\":\"https:\/\/akropolealfa.lv\/en\/contact\/\",\"url\":\"https:\/\/akropolealfa.lv\/en\/contact\/\",\"name\":\"Contact - Akropole Alfa\",\"isPartOf\":{\"@id\":\"https:\/\/akropolealfa.lv\/en\/#website\"},\"datePublished\":\"2025-06-11T12:13:53+00:00\",\"dateModified\":\"2026-03-04T12:38:46+00:00\",\"breadcrumb\":{\"@id\":\"https:\/\/akropolealfa.lv\/en\/contact\/#breadcrumb\"},\"inLanguage\":\"en-US\",\"potentialAction\":[{\"@type\":\"ReadAction\",\"target\":[\"https:\/\/akropolealfa.lv\/en\/contact\/\"]}]},{\"@type\":\"BreadcrumbList\",\"@id\":\"https:\/\/akropolealfa.lv\/en\/contact\/#breadcrumb\",\"itemListElement\":[{\"@type\":\"ListItem\",\"position\":1,\"name\":\"Home\",\"item\":\"https:\/\/akropolealfa.lv\/en\/\"},{\"@type\":\"ListItem\",\"position\":2,\"name\":\"Contact\"}]},{\"@type\":\"WebSite\",\"@id\":\"https:\/\/akropolealfa.lv\/en\/#website\",\"url\":\"https:\/\/akropolealfa.lv\/en\/\",\"name\":\"Akropole Alfa\",\"description\":\"&quot;AKROPOLE Alfa&quot; iepirk\u0161an\u0101s un izklaides centrs\",\"publisher\":{\"@id\":\"https:\/\/akropolealfa.lv\/en\/#organization\"},\"potentialAction\":[{\"@type\":\"SearchAction\",\"target\":{\"@type\":\"EntryPoint\",\"urlTemplate\":\"https:\/\/akropolealfa.lv\/en\/?s={search_term_string}\"},\"query-input\":{\"@type\":\"PropertyValueSpecification\",\"valueRequired\":true,\"valueName\":\"search_term_string\"}}],\"inLanguage\":\"en-US\"},{\"@type\":\"Organization\",\"@id\":\"https:\/\/akropolealfa.lv\/en\/#organization\",\"name\":\"Akropole Alfa\",\"url\":\"https:\/\/akropolealfa.lv\/en\/\",\"logo\":{\"@type\":\"ImageObject\",\"inLanguage\":\"en-US\",\"@id\":\"https:\/\/akropolealfa.lv\/en\/#\/schema\/logo\/image\/\",\"url\":\"https:\/\/akropolealfa.lv\/wp-content\/uploads\/sites\/3\/2026\/02\/11856_800_600_1-1-1.svg\",\"contentUrl\":\"https:\/\/akropolealfa.lv\/wp-content\/uploads\/sites\/3\/2026\/02\/11856_800_600_1-1-1.svg\",\"width\":1,\"height\":1,\"caption\":\"Akropole Alfa\"},\"image\":{\"@id\":\"https:\/\/akropolealfa.lv\/en\/#\/schema\/logo\/image\/\"}}]}<\/script>\n<!-- \/ Yoast SEO plugin. -->","yoast_head_json":{"title":"Contact - Akropole Alfa","robots":{"index":"index","follow":"follow","max-snippet":"max-snippet:-1","max-image-preview":"max-image-preview:large","max-video-preview":"max-video-preview:-1"},"canonical":"https:\/\/akropolealfa.lv\/en\/contact\/","og_locale":"en_US","og_type":"article","og_title":"Contact - Akropole Alfa","og_url":"https:\/\/akropolealfa.lv\/en\/contact\/","og_site_name":"Akropole Alfa","article_modified_time":"2026-03-04T12:38:46+00:00","twitter_card":"summary_large_image","schema":{"@context":"https:\/\/schema.org","@graph":[{"@type":"WebPage","@id":"https:\/\/akropolealfa.lv\/en\/contact\/","url":"https:\/\/akropolealfa.lv\/en\/contact\/","name":"Contact - Akropole Alfa","isPartOf":{"@id":"https:\/\/akropolealfa.lv\/en\/#website"},"datePublished":"2025-06-11T12:13:53+00:00","dateModified":"2026-03-04T12:38:46+00:00","breadcrumb":{"@id":"https:\/\/akropolealfa.lv\/en\/contact\/#breadcrumb"},"inLanguage":"en-US","potentialAction":[{"@type":"ReadAction","target":["https:\/\/akropolealfa.lv\/en\/contact\/"]}]},{"@type":"BreadcrumbList","@id":"https:\/\/akropolealfa.lv\/en\/contact\/#breadcrumb","itemListElement":[{"@type":"ListItem","position":1,"name":"Home","item":"https:\/\/akropolealfa.lv\/en\/"},{"@type":"ListItem","position":2,"name":"Contact"}]},{"@type":"WebSite","@id":"https:\/\/akropolealfa.lv\/en\/#website","url":"https:\/\/akropolealfa.lv\/en\/","name":"Akropole Alfa","description":"&quot;AKROPOLE Alfa&quot; iepirk\u0161an\u0101s un izklaides centrs","publisher":{"@id":"https:\/\/akropolealfa.lv\/en\/#organization"},"potentialAction":[{"@type":"SearchAction","target":{"@type":"EntryPoint","urlTemplate":"https:\/\/akropolealfa.lv\/en\/?s={search_term_string}"},"query-input":{"@type":"PropertyValueSpecification","valueRequired":true,"valueName":"search_term_string"}}],"inLanguage":"en-US"},{"@type":"Organization","@id":"https:\/\/akropolealfa.lv\/en\/#organization","name":"Akropole Alfa","url":"https:\/\/akropolealfa.lv\/en\/","logo":{"@type":"ImageObject","inLanguage":"en-US","@id":"https:\/\/akropolealfa.lv\/en\/#\/schema\/logo\/image\/","url":"https:\/\/akropolealfa.lv\/wp-content\/uploads\/sites\/3\/2026\/02\/11856_800_600_1-1-1.svg","contentUrl":"https:\/\/akropolealfa.lv\/wp-content\/uploads\/sites\/3\/2026\/02\/11856_800_600_1-1-1.svg","width":1,"height":1,"caption":"Akropole Alfa"},"image":{"@id":"https:\/\/akropolealfa.lv\/en\/#\/schema\/logo\/image\/"}}]}},"_links":{"self":[{"href":"https:\/\/akropolealfa.lv\/en\/wp-json\/wp\/v2\/pages\/4260","targetHints":{"allow":["GET"]}}],"collection":[{"href":"https:\/\/akropolealfa.lv\/en\/wp-json\/wp\/v2\/pages"}],"about":[{"href":"https:\/\/akropolealfa.lv\/en\/wp-json\/wp\/v2\/types\/page"}],"author":[{"embeddable":true,"href":"https:\/\/akropolealfa.lv\/en\/wp-json\/wp\/v2\/users\/1"}],"replies":[{"embeddable":true,"href":"https:\/\/akropolealfa.lv\/en\/wp-json\/wp\/v2\/comments?post=4260"}],"version-history":[{"count":5,"href":"https:\/\/akropolealfa.lv\/en\/wp-json\/wp\/v2\/pages\/4260\/revisions"}],"predecessor-version":[{"id":6717,"href":"https:\/\/akropolealfa.lv\/en\/wp-json\/wp\/v2\/pages\/4260\/revisions\/6717"}],"wp:attachment":[{"href":"https:\/\/akropolealfa.lv\/en\/wp-json\/wp\/v2\/media?parent=4260"}],"curies":[{"name":"wp","href":"https:\/\/api.w.org\/{rel}","templated":true}]}}